{"id":2056,"date":"2021-01-04T12:22:49","date_gmt":"2021-01-04T11:22:49","guid":{"rendered":"http:\/\/www.tracciati.eu\/?page_id=2056"},"modified":"2024-11-17T17:42:48","modified_gmt":"2024-11-17T16:42:48","slug":"pubblicare-con-noi","status":"publish","type":"page","link":"https:\/\/www.tracciatieditore.it\/index.php\/pubblicare-con-noi\/","title":{"rendered":"Pubblicare con noi"},"content":{"rendered":"<div class=\"post-title\"><\/div>\n<div class=\"post-content\">\n<p style=\"font-weight: 400;\">Pubblicare un libro significa tradurre in parole le proprie idee, metterle su carta, condividerle potenzialmente con il mondo intero. E firmarle con nome e cognome.<\/p>\n<p style=\"font-weight: 400;\">I libri sono tra loro i pi\u00f9 diversi, a seconda dello stile di chi scrive, delle sue competenze, ma anche del contenuto, che pu\u00f2 riferire a uno o a un altro genere. Quello che accomuna autori e autrici \u00e8 l\u2019emozione di avere tra le mani la propria opera, un punto di arrivo che poi diventa l\u2019inizio di un altro percorso, per la promozione e la condivisione.<\/p>\n<p style=\"font-weight: 400;\">Tracciati editore accoglie proposte di pubblicazione principalmente sui seguenti argomenti: territorio locale e sue manifestazioni culturali, vicende delle persone che lo abitano o loro memorie, eventi storici significativi.<\/p>\n<p style=\"font-weight: 400;\">Se vuoi pubblicare con noi ecco come possiamo aiutarti.<\/p>\n<p style=\"font-weight: 400;\">Se ti ritrovi nella nostra linea editoriale compila il seguente form, ti risponderemo entro un paio di settimane.<\/p>\n<p><iframe loading=\"lazy\" src=\"https:\/\/docs.google.com\/forms\/d\/e\/1FAIpQLSdLOSzUo4Dj3pBLuQ9ub6MkPKEX8lEKmLahayCyu9wZ1WT4Zw\/viewform?embedded=true\" width=\"640\" height=\"2404\" frameborder=\"0\" marginwidth=\"0\" marginheight=\"0\">Caricamento\u2026<\/iframe><\/p>\n<p><strong>Inviando questo modulo, autorizzo il trattamento dei dati personali ai sensi della legge 196\/2003.<\/strong><\/p>\n<p>Potete sottoporre le vostre idee scrivendo a:<\/p>\n<ul>\n<li><a href=\"mailto:info@tracciati.eu\">info@tracciati.eu<\/a><\/li>\n<\/ul>\n<\/div>\n<div class=\"post-below-content\"><\/div>\n","protected":false},"excerpt":{"rendered":"<p>Pubblicare un libro significa tradurre in parole le proprie idee, metterle su carta, condividerle potenzialmente con il mondo intero. E firmarle con nome e cognome. I libri sono tra loro i pi\u00f9 diversi, a seconda dello stile di chi scrive, delle sue competenze, ma anche del contenuto, che pu\u00f2 riferire a uno o a un [&hellip;]<\/p>\n","protected":false},"author":1,"featured_media":0,"parent":0,"menu_order":0,"comment_status":"closed","ping_status":"closed","template":"","meta":{"_monsterinsights_skip_tracking":false,"_monsterinsights_sitenote_active":false,"_monsterinsights_sitenote_note":"","_monsterinsights_sitenote_category":0,"footnotes":""},"class_list":["post-2056","page","type-page","status-publish","hentry"],"aioseo_notices":[],"_links":{"self":[{"href":"https:\/\/www.tracciatieditore.it\/index.php\/wp-json\/wp\/v2\/pages\/2056","targetHints":{"allow":["GET"]}}],"collection":[{"href":"https:\/\/www.tracciatieditore.it\/index.php\/wp-json\/wp\/v2\/pages"}],"about":[{"href":"https:\/\/www.tracciatieditore.it\/index.php\/wp-json\/wp\/v2\/types\/page"}],"author":[{"embeddable":true,"href":"https:\/\/www.tracciatieditore.it\/index.php\/wp-json\/wp\/v2\/users\/1"}],"replies":[{"embeddable":true,"href":"https:\/\/www.tracciatieditore.it\/index.php\/wp-json\/wp\/v2\/comments?post=2056"}],"version-history":[{"count":9,"href":"https:\/\/www.tracciatieditore.it\/index.php\/wp-json\/wp\/v2\/pages\/2056\/revisions"}],"predecessor-version":[{"id":2419,"href":"https:\/\/www.tracciatieditore.it\/index.php\/wp-json\/wp\/v2\/pages\/2056\/revisions\/2419"}],"wp:attachment":[{"href":"https:\/\/www.tracciatieditore.it\/index.php\/wp-json\/wp\/v2\/media?parent=2056"}],"curies":[{"name":"wp","href":"https:\/\/api.w.org\/{rel}","templated":true}]}}